{"id":1157,"date":"2026-01-13T17:29:50","date_gmt":"2026-01-13T17:29:50","guid":{"rendered":"https:\/\/customerservice.malettigroup.com\/confirmacion\/"},"modified":"2026-01-13T17:40:26","modified_gmt":"2026-01-13T17:40:26","slug":"confirmacion","status":"publish","type":"page","link":"https:\/\/customerservice.malettigroup.com\/es\/confirmacion\/","title":{"rendered":"Confirmaci\u00f3n"},"content":{"rendered":"\t\t<div data-elementor-type=\"wp-page\" data-elementor-id=\"1157\" class=\"elementor elementor-1157 elementor-1140\" data-elementor-post-type=\"page\">\n\t\t\t\t\t\t<section data-particle_enable=\"false\" data-particle-mobile-disabled=\"false\" class=\"elementor-section elementor-top-section elementor-element elementor-element-13ef8c75 elementor-section-height-min-height elementor-section-items-stretch elementor-section-boxed elementor-section-height-default\" data-id=\"13ef8c75\" data-element_type=\"section\" data-settings=\"{&quot;background_background&quot;:&quot;gradient&quot;}\">\n\t\t\t\t\t\t\t<div class=\"elementor-background-overlay\"><\/div>\n\t\t\t\t\t\t\t<div class=\"elementor-container elementor-column-gap-default\">\n\t\t\t\t\t<div class=\"elementor-column elementor-col-100 elementor-top-column elementor-element elementor-element-7c35c714\" data-id=\"7c35c714\" data-element_type=\"column\">\n\t\t\t<div class=\"elementor-widget-wrap elementor-element-populated\">\n\t\t\t\t\t\t<div class=\"elementor-element elementor-element-6922c447 elementor-widget elementor-widget-heading\" data-id=\"6922c447\" data-element_type=\"widget\" data-widget_type=\"heading.default\">\n\t\t\t\t<div class=\"elementor-widget-container\">\n\t\t\t\t\t<h2 class=\"elementor-heading-title elementor-size-default\">SERVICIO AL CLIENTE<\/h2>\t\t\t\t<\/div>\n\t\t\t\t<\/div>\n\t\t<div data-particle_enable=\"false\" data-particle-mobile-disabled=\"false\" class=\"elementor-element elementor-element-17739cb e-flex e-con-boxed e-con e-parent\" data-id=\"17739cb\" data-element_type=\"container\">\n\t\t\t\t\t<div class=\"e-con-inner\">\n\t\t<div data-particle_enable=\"false\" data-particle-mobile-disabled=\"false\" class=\"elementor-element elementor-element-c94a1de e-con-full e-flex e-con e-child\" data-id=\"c94a1de\" data-element_type=\"container\">\n\t\t\t\t<div class=\"elementor-element elementor-element-206afa0 elementor-widget elementor-widget-image\" data-id=\"206afa0\" data-element_type=\"widget\" data-widget_type=\"image.default\">\n\t\t\t\t<div class=\"elementor-widget-container\">\n\t\t\t\t\t\t\t\t\t\t\t\t\t\t\t<img decoding=\"async\" src=\"https:\/\/customerservice.malettigroup.com\/wp-content\/uploads\/elementor\/thumbs\/logo-scontornato-per-pooost-bianco-rcxyem765zpsppr8jxn1po9fznknnc39lbvpzc9fr4.png\" title=\"logo-scontornato-per-pooost-bianco\" alt=\"logo-scontornato-per-pooost-bianco\" loading=\"lazy\" \/>\t\t\t\t\t\t\t\t\t\t\t\t\t\t\t<\/div>\n\t\t\t\t<\/div>\n\t\t\t\t<\/div>\n\t\t<div data-particle_enable=\"false\" data-particle-mobile-disabled=\"false\" class=\"elementor-element elementor-element-634d018 e-con-full e-flex e-con e-child\" data-id=\"634d018\" data-element_type=\"container\">\n\t\t\t\t<div class=\"elementor-element elementor-element-d3b8839 elementor-widget elementor-widget-image\" data-id=\"d3b8839\" data-element_type=\"widget\" data-widget_type=\"image.default\">\n\t\t\t\t<div class=\"elementor-widget-container\">\n\t\t\t\t\t\t\t\t\t\t\t\t\t\t\t<img decoding=\"async\" width=\"200\" height=\"100\" src=\"https:\/\/customerservice.malettigroup.com\/wp-content\/uploads\/2025\/11\/logo_beauty.png\" class=\"attachment-large size-large wp-image-1025\" alt=\"\" \/>\t\t\t\t\t\t\t\t\t\t\t\t\t\t\t<\/div>\n\t\t\t\t<\/div>\n\t\t\t\t<\/div>\n\t\t<div data-particle_enable=\"false\" data-particle-mobile-disabled=\"false\" class=\"elementor-element elementor-element-ccfbd58 e-con-full e-flex e-con e-child\" data-id=\"ccfbd58\" data-element_type=\"container\">\n\t\t\t\t<div class=\"elementor-element elementor-element-8354848 elementor-widget elementor-widget-image\" data-id=\"8354848\" data-element_type=\"widget\" data-widget_type=\"image.default\">\n\t\t\t\t<div class=\"elementor-widget-container\">\n\t\t\t\t\t\t\t\t\t\t\t\t\t\t\t<img decoding=\"async\" width=\"200\" height=\"100\" src=\"https:\/\/customerservice.malettigroup.com\/wp-content\/uploads\/2025\/11\/logo_nilo.png\" class=\"attachment-large size-large wp-image-1026\" alt=\"\" \/>\t\t\t\t\t\t\t\t\t\t\t\t\t\t\t<\/div>\n\t\t\t\t<\/div>\n\t\t\t\t<\/div>\n\t\t\t\t\t<\/div>\n\t\t\t\t<\/div>\n\t\t\t\t\t<\/div>\n\t\t<\/div>\n\t\t\t\t\t<\/div>\n\t\t<\/section>\n\t\t<div data-particle_enable=\"false\" data-particle-mobile-disabled=\"false\" class=\"elementor-element elementor-element-3ca3801 e-flex e-con-boxed e-con e-parent\" data-id=\"3ca3801\" data-element_type=\"container\">\n\t\t\t\t\t<div class=\"e-con-inner\">\n\t\t<div data-particle_enable=\"false\" data-particle-mobile-disabled=\"false\" class=\"elementor-element elementor-element-6f3e201 e-con-full e-flex e-con e-child\" data-id=\"6f3e201\" data-element_type=\"container\">\n\t\t\t\t<div class=\"elementor-element elementor-element-6a1383c elementor-widget elementor-widget-heading\" data-id=\"6a1383c\" data-element_type=\"widget\" data-widget_type=\"heading.default\">\n\t\t\t\t<div class=\"elementor-widget-container\">\n\t\t\t\t\t<h4 class=\"elementor-heading-title elementor-size-default\">SU SOLICITUD HA SIDO ENVIADA CON \u00c9XITO<\/h4>\t\t\t\t<\/div>\n\t\t\t\t<\/div>\n\t\t\t\t<\/div>\n\t\t\t\t\t<\/div>\n\t\t\t\t<\/div>\n\t\t<div data-particle_enable=\"false\" data-particle-mobile-disabled=\"false\" class=\"elementor-element elementor-element-e54e604 e-flex e-con-boxed e-con e-parent\" data-id=\"e54e604\" data-element_type=\"container\">\n\t\t\t\t\t<div class=\"e-con-inner\">\n\t\t\t\t<div class=\"elementor-element elementor-element-0a3ad05 elementor-widget elementor-widget-image\" data-id=\"0a3ad05\" data-element_type=\"widget\" data-widget_type=\"image.default\">\n\t\t\t\t<div class=\"elementor-widget-container\">\n\t\t\t\t\t\t\t\t\t\t\t\t\t\t\t<img fetchpriority=\"high\" decoding=\"async\" width=\"300\" height=\"300\" src=\"https:\/\/customerservice.malettigroup.com\/wp-content\/uploads\/2026\/01\/5709755-300x300.png\" class=\"attachment-medium size-medium wp-image-1156\" alt=\"\" srcset=\"https:\/\/customerservice.malettigroup.com\/wp-content\/uploads\/2026\/01\/5709755-300x300.png 300w, https:\/\/customerservice.malettigroup.com\/wp-content\/uploads\/2026\/01\/5709755-150x150.png 150w, https:\/\/customerservice.malettigroup.com\/wp-content\/uploads\/2026\/01\/5709755.png 512w\" sizes=\"(max-width: 300px) 100vw, 300px\" \/>\t\t\t\t\t\t\t\t\t\t\t\t\t\t\t<\/div>\n\t\t\t\t<\/div>\n\t\t\t\t\t<\/div>\n\t\t\t\t<\/div>\n\t\t<div data-particle_enable=\"false\" data-particle-mobile-disabled=\"false\" class=\"elementor-element elementor-element-a094048 e-flex e-con-boxed e-con e-parent\" data-id=\"a094048\" data-element_type=\"container\">\n\t\t\t\t\t<div class=\"e-con-inner\">\n\t\t\t\t<div class=\"elementor-element elementor-element-240c2da elementor-widget elementor-widget-text-editor\" data-id=\"240c2da\" data-element_type=\"widget\" data-widget_type=\"text-editor.default\">\n\t\t\t\t<div class=\"elementor-widget-container\">\n\t\t\t\t\t\t\t\t\t<p>En breve recibir\u00e1 un correo electr\u00f3nico con un resumen de su solicitud.<\/p>\t\t\t\t\t\t\t\t<\/div>\n\t\t\t\t<\/div>\n\t\t\t\t\t<\/div>\n\t\t\t\t<\/div>\n\t\t\t\t<\/div>\n\t\t","protected":false},"excerpt":{"rendered":"<p>SERVICIO AL CLIENTE SU SOLICITUD HA SIDO ENVIADA CON \u00c9XITO En breve recibir\u00e1 un correo electr\u00f3nico con un resumen de su solicitud.<\/p>\n","protected":false},"author":1,"featured_media":0,"parent":0,"menu_order":0,"comment_status":"closed","ping_status":"closed","template":"","meta":{"_acf_changed":false,"footnotes":""},"class_list":["post-1157","page","type-page","status-publish","hentry"],"acf":[],"_links":{"self":[{"href":"https:\/\/customerservice.malettigroup.com\/es\/wp-json\/wp\/v2\/pages\/1157","targetHints":{"allow":["GET"]}}],"collection":[{"href":"https:\/\/customerservice.malettigroup.com\/es\/wp-json\/wp\/v2\/pages"}],"about":[{"href":"https:\/\/customerservice.malettigroup.com\/es\/wp-json\/wp\/v2\/types\/page"}],"author":[{"embeddable":true,"href":"https:\/\/customerservice.malettigroup.com\/es\/wp-json\/wp\/v2\/users\/1"}],"replies":[{"embeddable":true,"href":"https:\/\/customerservice.malettigroup.com\/es\/wp-json\/wp\/v2\/comments?post=1157"}],"version-history":[{"count":1,"href":"https:\/\/customerservice.malettigroup.com\/es\/wp-json\/wp\/v2\/pages\/1157\/revisions"}],"predecessor-version":[{"id":1158,"href":"https:\/\/customerservice.malettigroup.com\/es\/wp-json\/wp\/v2\/pages\/1157\/revisions\/1158"}],"wp:attachment":[{"href":"https:\/\/customerservice.malettigroup.com\/es\/wp-json\/wp\/v2\/media?parent=1157"}],"curies":[{"name":"wp","href":"https:\/\/api.w.org\/{rel}","templated":true}]}}